{"id":9918,"date":"2023-10-19T16:19:45","date_gmt":"2023-10-19T14:19:45","guid":{"rendered":"https:\/\/www.charmig.nl\/?post_type=product&#038;p=9918"},"modified":"2026-02-24T09:01:04","modified_gmt":"2026-02-24T08:01:04","slug":"vintage-west-germany-vaas-bruin-turquoise-25-cm-61-25","status":"publish","type":"product","link":"https:\/\/www.charmig.nl\/fr\/produit\/archives\/vintage-west-germany-vaas-bruin-turquoise-25-cm-61-25\/","title":{"rendered":"Vase Vintage Allemagne de l'Ouest | Brun - Turquoise | 25 cm | 61-25"},"content":{"rendered":"","protected":false},"excerpt":{"rendered":"Num\u00e9ro d'article : 210663\r\n\r\nMagnifique vase d'Allemagne de l'Ouest d'une couleur brun-turquoise frappante, avec une belle finition \u00e9maill\u00e9e. Le vase a une finition brillante. Ce vase de l'Allemagne de l'Ouest est encore absolument parfait ; il ne pr\u00e9sente aucune fissure, rayure ou autre.\r\n\r\n Hauteur : 25 cm\r\n Diam\u00e8tre : 13 cm","protected":false},"featured_media":9919,"template":"","meta":{"_acf_changed":false},"product_brand":[],"product_cat":[103],"product_tag":[],"class_list":{"0":"post-9918","1":"product","2":"type-product","3":"status-publish","4":"has-post-thumbnail","6":"product_cat-archief","7":"product_shipping_class-klein-pakket","9":"first","10":"outofstock","11":"shipping-taxable","12":"purchasable","13":"product-type-simple"},"composite_virtual":false,"composite_layout":"","composite_add_to_cart_form_location":"","composite_editable_in_cart":false,"composite_sold_individually_context":"","composite_shop_price_calc":"","composite_components":[],"composite_scenarios":[],"exclude_global_add_ons":[],"addons":[],"acf":[],"yoast_head":null,"yoast_head_json":null,"_links":{"self":[{"href":"https:\/\/www.charmig.nl\/fr\/wp-json\/wp\/v2\/product\/9918","targetHints":{"allow":["GET"]}}],"collection":[{"href":"https:\/\/www.charmig.nl\/fr\/wp-json\/wp\/v2\/product"}],"about":[{"href":"https:\/\/www.charmig.nl\/fr\/wp-json\/wp\/v2\/types\/product"}],"wp:featuredmedia":[{"embeddable":true,"href":"https:\/\/www.charmig.nl\/fr\/wp-json\/wp\/v2\/media\/9919"}],"wp:attachment":[{"href":"https:\/\/www.charmig.nl\/fr\/wp-json\/wp\/v2\/media?parent=9918"}],"wp:term":[{"taxonomy":"product_brand","embeddable":true,"href":"https:\/\/www.charmig.nl\/fr\/wp-json\/wp\/v2\/product_brand?post=9918"},{"taxonomy":"product_cat","embeddable":true,"href":"https:\/\/www.charmig.nl\/fr\/wp-json\/wp\/v2\/product_cat?post=9918"},{"taxonomy":"product_tag","embeddable":true,"href":"https:\/\/www.charmig.nl\/fr\/wp-json\/wp\/v2\/product_tag?post=9918"}],"curies":[{"name":"wp","href":"https:\/\/api.w.org\/{rel}","templated":true}]}}