{"id":9925,"date":"2023-10-19T16:29:37","date_gmt":"2023-10-19T14:29:37","guid":{"rendered":"https:\/\/www.charmig.nl\/?post_type=product&#038;p=9925"},"modified":"2026-03-09T10:42:14","modified_gmt":"2026-03-09T09:42:14","slug":"vintage-west-germany-vaas-bruin-22-cm","status":"publish","type":"product","link":"https:\/\/www.charmig.nl\/fr\/produit\/accessoires-de-maison\/vases\/vintage-west-germany-vaas-bruin-22-cm\/","title":{"rendered":"Vase Vintage Allemagne de l'Ouest | Marron | 22 cm |."},"content":{"rendered":"","protected":false},"excerpt":{"rendered":"Num\u00e9ro d'article : 210664\r\n\r\nMagnifique vase d'Allemagne de l'Ouest de couleur brun\u00e2tre, avec une finition \u00e9maill\u00e9e unique. Ce vase de l'Allemagne de l'Ouest a un petit \u00e9clat sur le dessus (voir photo), mais il n'y a pas de fissures ou de rayures.\r\n\r\nHauteur : 22 cm\r\nDiam\u00e8tre : 11 cm","protected":false},"featured_media":9929,"template":"","meta":{"_acf_changed":false},"product_brand":[],"product_cat":[159],"product_tag":[],"class_list":{"0":"post-9925","1":"product","2":"type-product","3":"status-publish","4":"has-post-thumbnail","6":"product_cat-vazen","7":"product_shipping_class-klein-pakket","9":"first","10":"outofstock","11":"shipping-taxable","12":"purchasable","13":"product-type-simple"},"composite_virtual":false,"composite_layout":"","composite_add_to_cart_form_location":"","composite_editable_in_cart":false,"composite_sold_individually_context":"","composite_shop_price_calc":"","composite_components":[],"composite_scenarios":[],"exclude_global_add_ons":[],"addons":[],"acf":[],"yoast_head":null,"yoast_head_json":null,"_links":{"self":[{"href":"https:\/\/www.charmig.nl\/fr\/wp-json\/wp\/v2\/product\/9925","targetHints":{"allow":["GET"]}}],"collection":[{"href":"https:\/\/www.charmig.nl\/fr\/wp-json\/wp\/v2\/product"}],"about":[{"href":"https:\/\/www.charmig.nl\/fr\/wp-json\/wp\/v2\/types\/product"}],"wp:featuredmedia":[{"embeddable":true,"href":"https:\/\/www.charmig.nl\/fr\/wp-json\/wp\/v2\/media\/9929"}],"wp:attachment":[{"href":"https:\/\/www.charmig.nl\/fr\/wp-json\/wp\/v2\/media?parent=9925"}],"wp:term":[{"taxonomy":"product_brand","embeddable":true,"href":"https:\/\/www.charmig.nl\/fr\/wp-json\/wp\/v2\/product_brand?post=9925"},{"taxonomy":"product_cat","embeddable":true,"href":"https:\/\/www.charmig.nl\/fr\/wp-json\/wp\/v2\/product_cat?post=9925"},{"taxonomy":"product_tag","embeddable":true,"href":"https:\/\/www.charmig.nl\/fr\/wp-json\/wp\/v2\/product_tag?post=9925"}],"curies":[{"name":"wp","href":"https:\/\/api.w.org\/{rel}","templated":true}]}}