{"id":9968,"date":"2023-10-22T10:23:07","date_gmt":"2023-10-22T08:23:07","guid":{"rendered":"https:\/\/www.charmig.nl\/?post_type=product&#038;p=9968"},"modified":"2026-02-24T09:01:05","modified_gmt":"2026-02-24T08:01:05","slug":"vintage-dressoir-220-cm-1960s","status":"publish","type":"product","link":"https:\/\/www.charmig.nl\/fr\/produit\/archives\/vintage-dressoir-220-cm-1960s\/","title":{"rendered":"Buffet vintage 220 CM 1960"},"content":{"rendered":"","protected":false},"excerpt":{"rendered":"Num\u00e9ro d'article : 210954\r\n\r\nCe buffet vintage se distingue imm\u00e9diatement par les belles poign\u00e9es en bois de ses tiroirs. Le meuble est en bon \u00e9tat avec des traces d'utilisation ici et l\u00e0.\r\n\r\n    P\u00e9riode de cr\u00e9ation : 1950-1960\r\n    Style : Vintage\r\n    \u00c9tat : En bon \u00e9tat\r\n    Cr\u00e9ateur : inconnu\r\n\r\nDimensions : Largeur : 220 cm\r\nLargeur : 220 cm\r\nProfondeur : 45 cm\r\nHauteur : 85 cm","protected":false},"featured_media":9969,"template":"","meta":{"_acf_changed":false},"product_brand":[],"product_cat":[103],"product_tag":[],"class_list":{"0":"post-9968","1":"product","2":"type-product","3":"status-publish","4":"has-post-thumbnail","6":"product_cat-archief","7":"product_shipping_class-koerier","9":"first","10":"outofstock","11":"shipping-taxable","12":"product-type-simple"},"composite_virtual":false,"composite_layout":"","composite_add_to_cart_form_location":"","composite_editable_in_cart":false,"composite_sold_individually_context":"","composite_shop_price_calc":"","composite_components":[],"composite_scenarios":[],"exclude_global_add_ons":[],"addons":[],"acf":[],"yoast_head":null,"yoast_head_json":null,"_links":{"self":[{"href":"https:\/\/www.charmig.nl\/fr\/wp-json\/wp\/v2\/product\/9968","targetHints":{"allow":["GET"]}}],"collection":[{"href":"https:\/\/www.charmig.nl\/fr\/wp-json\/wp\/v2\/product"}],"about":[{"href":"https:\/\/www.charmig.nl\/fr\/wp-json\/wp\/v2\/types\/product"}],"wp:featuredmedia":[{"embeddable":true,"href":"https:\/\/www.charmig.nl\/fr\/wp-json\/wp\/v2\/media\/9969"}],"wp:attachment":[{"href":"https:\/\/www.charmig.nl\/fr\/wp-json\/wp\/v2\/media?parent=9968"}],"wp:term":[{"taxonomy":"product_brand","embeddable":true,"href":"https:\/\/www.charmig.nl\/fr\/wp-json\/wp\/v2\/product_brand?post=9968"},{"taxonomy":"product_cat","embeddable":true,"href":"https:\/\/www.charmig.nl\/fr\/wp-json\/wp\/v2\/product_cat?post=9968"},{"taxonomy":"product_tag","embeddable":true,"href":"https:\/\/www.charmig.nl\/fr\/wp-json\/wp\/v2\/product_tag?post=9968"}],"curies":[{"name":"wp","href":"https:\/\/api.w.org\/{rel}","templated":true}]}}