{"id":9983,"date":"2023-10-24T09:27:37","date_gmt":"2023-10-24T07:27:37","guid":{"rendered":"https:\/\/www.charmig.nl\/?post_type=product&#038;p=9983"},"modified":"2026-02-24T09:01:05","modified_gmt":"2026-02-24T08:01:05","slug":"6-x-eetkamerstoelen-niels-otto-moller-model-75-eiken","status":"publish","type":"product","link":"https:\/\/www.charmig.nl\/fr\/produit\/archives\/6-x-eetkamerstoelen-niels-otto-moller-model-75-eiken\/","title":{"rendered":"6 x Chaises de salle \u00e0 manger | Niels Otto M\u00f8ller | Mod\u00e8le 75 | Ch\u00eane"},"content":{"rendered":"","protected":false},"excerpt":{"rendered":"Artikelnummer: 210933\r\n\r\nSet van 6 prachtige vintage eetkamerstoelen. Deze stoelen zijn ontworpen door Niels Otto Moller. De stoelen zijn uitgevoerd in gezeept eiken en voorzien van nieuw Deens Papercord. \r\n\r\nOntwerp periode: 1950 &#8211; 1960\r\nStijl: Mid century modern &#8211; Deens design &#8211; Scandinavisch design\r\nMateriaal: Eikenhout, Deens papercord\r\nConditie: Gerestaureerd, frames nagekeken en voorzien van nieuw papercord\r\nOntwerper: Niels Otto Moller\r\nFabrikant: JL Mollers Mobelfabrik\r\n\r\nAfmetingen:\r\nHoogte: 75 cm\r\nZithoogte: 45 cm\r\nBreedte:45 cm\r\nDiepte: 46 cm","protected":false},"featured_media":10003,"template":"","meta":{"_acf_changed":false},"product_brand":[],"product_cat":[103],"product_tag":[],"class_list":{"0":"post-9983","1":"product","2":"type-product","3":"status-publish","4":"has-post-thumbnail","6":"product_cat-archief","7":"product_shipping_class-koerier","9":"first","10":"outofstock","11":"shipping-taxable","12":"product-type-simple"},"composite_virtual":false,"composite_layout":"","composite_add_to_cart_form_location":"","composite_editable_in_cart":false,"composite_sold_individually_context":"","composite_shop_price_calc":"","composite_components":[],"composite_scenarios":[],"exclude_global_add_ons":[],"addons":[],"acf":[],"yoast_head":null,"yoast_head_json":null,"_links":{"self":[{"href":"https:\/\/www.charmig.nl\/fr\/wp-json\/wp\/v2\/product\/9983","targetHints":{"allow":["GET"]}}],"collection":[{"href":"https:\/\/www.charmig.nl\/fr\/wp-json\/wp\/v2\/product"}],"about":[{"href":"https:\/\/www.charmig.nl\/fr\/wp-json\/wp\/v2\/types\/product"}],"wp:featuredmedia":[{"embeddable":true,"href":"https:\/\/www.charmig.nl\/fr\/wp-json\/wp\/v2\/media\/10003"}],"wp:attachment":[{"href":"https:\/\/www.charmig.nl\/fr\/wp-json\/wp\/v2\/media?parent=9983"}],"wp:term":[{"taxonomy":"product_brand","embeddable":true,"href":"https:\/\/www.charmig.nl\/fr\/wp-json\/wp\/v2\/product_brand?post=9983"},{"taxonomy":"product_cat","embeddable":true,"href":"https:\/\/www.charmig.nl\/fr\/wp-json\/wp\/v2\/product_cat?post=9983"},{"taxonomy":"product_tag","embeddable":true,"href":"https:\/\/www.charmig.nl\/fr\/wp-json\/wp\/v2\/product_tag?post=9983"}],"curies":[{"name":"wp","href":"https:\/\/api.w.org\/{rel}","templated":true}]}}